{"id":927,"date":"2017-06-20T07:30:15","date_gmt":"2017-06-20T05:30:15","guid":{"rendered":"https:\/\/cangasol.net\/?page_id=927\/"},"modified":"2017-06-20T07:43:24","modified_gmt":"2017-06-20T05:43:24","slug":"activites","status":"publish","type":"page","link":"https:\/\/cangasol.net\/fr\/activites\/","title":{"rendered":"Activit\u00e9s"},"content":{"rendered":"<div id=\"pl-927\"  class=\"panel-layout\" ><div id=\"pg-927-0\"  class=\"panel-grid panel-has-style\" ><div class=\"siteorigin-panels-stretch panel-row-style panel-row-style-for-927-0\" data-stretch-type=\"full\" ><div id=\"pgc-927-0-0\"  class=\"panel-grid-cell panel-grid-cell-mobile-last\" ><div id=\"panel-927-0-0-0\" class=\"so-panel widget widget_sow-editor panel-first-child panel-last-child\" data-index=\"0\" ><div class=\"cont-slider-leyenda panel-widget-style panel-widget-style-for-927-0-0-0\" ><div\n\t\t\t\n\t\t\tclass=\"so-widget-sow-editor so-widget-sow-editor-base\"\n\t\t\t\n\t\t>\n<div class=\"siteorigin-widget-tinymce textwidget\">\n\t<h1>Activit\u00e9s<\/h1>\n<\/div>\n<\/div><\/div><\/div><\/div><div id=\"pgc-927-0-1\"  class=\"panel-grid-cell panel-grid-cell-empty\" ><\/div><\/div><\/div><div id=\"pg-927-1\"  class=\"panel-grid panel-has-style\" ><div class=\"siteorigin-panels-stretch panel-row-style panel-row-style-for-927-1\" data-stretch-type=\"full\" ><div id=\"pgc-927-1-0\"  class=\"panel-grid-cell\" ><div id=\"panel-927-1-0-0\" class=\"so-panel widget widget_sow-editor panel-first-child panel-last-child\" data-index=\"1\" ><div class=\"panel-widget-style panel-widget-style-for-927-1-0-0\" ><div\n\t\t\t\n\t\t\tclass=\"so-widget-sow-editor so-widget-sow-editor-base\"\n\t\t\t\n\t\t>\n<div class=\"siteorigin-widget-tinymce textwidget\">\n\t<h2 class=\"p1\">Producci\u00f3 de melmelades artesanals<\/h2>\n<p class=\"p1\">Al propi Guialmons es produeixen artesanalment melmelades i vinagres per marinar. Tallers d\u00b4unes hores on trobareu les receptes i la manera de fer les melmelades.<\/p>\n<p><a href=\"http:\/\/www.mariasoler.cat\" target=\"_blank\" rel=\"noopener\">www.mariasoler.cat<\/a><\/p>\n<p>633739930<\/p>\n<\/div>\n<\/div><\/div><\/div><\/div><div id=\"pgc-927-1-1\"  class=\"panel-grid-cell\" ><div id=\"panel-927-1-1-0\" class=\"so-panel widget widget_sow-editor panel-first-child panel-last-child\" data-index=\"2\" ><div class=\"panel-widget-style panel-widget-style-for-927-1-1-0\" ><div\n\t\t\t\n\t\t\tclass=\"so-widget-sow-editor so-widget-sow-editor-base\"\n\t\t\t\n\t\t>\n<div class=\"siteorigin-widget-tinymce textwidget\">\n\t<div id=\"metaslider-id-297\" style=\"max-width: 438px;\" class=\"ml-slider-3-108-0 metaslider metaslider-flex metaslider-297 ml-slider ml-slider-lightbox-2-22-0 lightbox-disabled ms-theme-default nav-hidden\" role=\"region\" aria-label=\"act-mermeladas\" data-height=\"292\" data-width=\"438\">\n    <div id=\"metaslider_container_297\">\n        <div id=\"metaslider_297\">\n            <ul class='slides'>\n                <li style=\"display: block; width: 100%;\" class=\"slide-300 ms-image \" aria-roledescription=\"slide\" data-date=\"2017-05-18 07:41:03\" data-filename=\"actividades-mermeladas-1.jpg\" data-slide-type=\"image\"><img loading=\"lazy\" decoding=\"async\" src=\"https:\/\/cangasol.net\/wp-content\/uploads\/actividades-mermeladas-1.jpg\" height=\"292\" width=\"438\" alt=\"\" class=\"slider-297 slide-300 msDefaultImage\" \/><\/li>\n                <li style=\"display: none; width: 100%;\" class=\"slide-301 ms-image \" aria-roledescription=\"slide\" data-date=\"2017-05-18 07:41:03\" data-filename=\"actividades-mermeladas-2.jpg\" data-slide-type=\"image\"><img loading=\"lazy\" decoding=\"async\" src=\"https:\/\/cangasol.net\/wp-content\/uploads\/actividades-mermeladas-2.jpg\" height=\"292\" width=\"438\" alt=\"\" class=\"slider-297 slide-301 msDefaultImage\" \/><\/li>\n            <\/ul>\n        <\/div>\n        \n    <\/div>\n<\/div><\/div>\n<\/div><\/div><\/div><\/div><\/div><\/div><div id=\"pg-927-2\"  class=\"panel-grid panel-has-style\" ><div class=\"siteorigin-panels-stretch panel-row-style panel-row-style-for-927-2\" data-stretch-type=\"full\" ><div id=\"pgc-927-2-0\"  class=\"panel-grid-cell\" ><div id=\"panel-927-2-0-0\" class=\"so-panel widget widget_sow-editor panel-first-child panel-last-child\" data-index=\"3\" ><div class=\"panel-widget-style panel-widget-style-for-927-2-0-0\" ><div\n\t\t\t\n\t\t\tclass=\"so-widget-sow-editor so-widget-sow-editor-base\"\n\t\t\t\n\t\t>\n<div class=\"siteorigin-widget-tinymce textwidget\">\n\t<div id=\"metaslider-id-328\" style=\"max-width: 438px;\" class=\"ml-slider-3-108-0 metaslider metaslider-flex metaslider-328 ml-slider ml-slider-lightbox-2-22-0 lightbox-disabled ms-theme-default nav-hidden nav-hidden\" role=\"region\" aria-label=\"act-pastor\" data-height=\"292\" data-width=\"438\">\n    <div id=\"metaslider_container_328\">\n        <div id=\"metaslider_328\">\n            <ul class='slides'>\n                <li style=\"display: block; width: 100%;\" class=\"slide-331 ms-image \" aria-roledescription=\"slide\" data-date=\"2017-05-18 08:22:42\" data-filename=\"actividades-pastor-1.jpg\" data-slide-type=\"image\"><img loading=\"lazy\" decoding=\"async\" src=\"https:\/\/cangasol.net\/wp-content\/uploads\/actividades-pastor-1.jpg\" height=\"292\" width=\"438\" alt=\"\" class=\"slider-328 slide-331 msDefaultImage\" \/><\/li>\n                <li style=\"display: none; width: 100%;\" class=\"slide-332 ms-image \" aria-roledescription=\"slide\" data-date=\"2017-05-18 08:22:42\" data-filename=\"actividades-pastor-2.jpg\" data-slide-type=\"image\"><img loading=\"lazy\" decoding=\"async\" src=\"https:\/\/cangasol.net\/wp-content\/uploads\/actividades-pastor-2.jpg\" height=\"292\" width=\"438\" alt=\"\" class=\"slider-328 slide-332 msDefaultImage\" \/><\/li>\n            <\/ul>\n        <\/div>\n        \n    <\/div>\n<\/div><\/div>\n<\/div><\/div><\/div><\/div><div id=\"pgc-927-2-1\"  class=\"panel-grid-cell\" ><div id=\"panel-927-2-1-0\" class=\"so-panel widget widget_sow-editor panel-first-child panel-last-child\" data-index=\"4\" ><div class=\"panel-widget-style panel-widget-style-for-927-2-1-0\" ><div\n\t\t\t\n\t\t\tclass=\"so-widget-sow-editor so-widget-sow-editor-base\"\n\t\t\t\n\t\t>\n<div class=\"siteorigin-widget-tinymce textwidget\">\n\t<h2 class=\"p1\">Un mat\u00ed fent de Pastor<\/h2>\n<p class=\"p1\">A prop de casa a 11 km podreu sortir acompanyant a un pastor d\u00b4ovelles i veure les activitats propies d\u00b4un ramader.<br \/>Contacte: Gemma 659 842 745<\/p>\n<p><a href=\"http:\/\/www.calserrats.com\" target=\"_blank\" rel=\"noopener\">www.calserrats.com<\/a><br \/>Cal Serrats: Xai Ecol\u00f2gic - Corder Ecol\u00f2gic<\/p>\n<h3 class=\"p1\">Visita de la Vila de Santa Coloma<\/h3>\n<p class=\"p1\">Porta nord de la ruta del C\u00edster. Vila medieval i barri jueu Call.<\/p>\n<\/div>\n<\/div><\/div><\/div><\/div><\/div><\/div><div id=\"pg-927-3\"  class=\"panel-grid panel-has-style\" ><div class=\"siteorigin-panels-stretch panel-row-style panel-row-style-for-927-3\" data-stretch-type=\"full\" ><div id=\"pgc-927-3-0\"  class=\"panel-grid-cell\" ><div id=\"panel-927-3-0-0\" class=\"so-panel widget widget_sow-editor panel-first-child panel-last-child\" data-index=\"5\" ><div class=\"panel-widget-style panel-widget-style-for-927-3-0-0\" ><div\n\t\t\t\n\t\t\tclass=\"so-widget-sow-editor so-widget-sow-editor-base\"\n\t\t\t\n\t\t>\n<div class=\"siteorigin-widget-tinymce textwidget\">\n\t<h2 class=\"p1\">Caminada a l'esgl\u00e9sia rom\u00e0nica de Figuerola<\/h2>\n<p class=\"p1\">Sortin de casa per cam\u00ed entre els camps i bosc la trobareu a 1 km. 30min.<\/p>\n<\/div>\n<\/div><\/div><\/div><\/div><div id=\"pgc-927-3-1\"  class=\"panel-grid-cell\" ><div id=\"panel-927-3-1-0\" class=\"so-panel widget widget_sow-editor panel-first-child panel-last-child\" data-index=\"6\" ><div class=\"panel-widget-style panel-widget-style-for-927-3-1-0\" ><div\n\t\t\t\n\t\t\tclass=\"so-widget-sow-editor so-widget-sow-editor-base\"\n\t\t\t\n\t\t>\n<div class=\"siteorigin-widget-tinymce textwidget\">\n\t<div id=\"metaslider-id-333\" style=\"max-width: 438px;\" class=\"ml-slider-3-108-0 metaslider metaslider-flex metaslider-333 ml-slider ml-slider-lightbox-2-22-0 lightbox-disabled ms-theme-default nav-hidden nav-hidden nav-hidden\" role=\"region\" aria-label=\"act-figuerola\" data-height=\"292\" data-width=\"438\">\n    <div id=\"metaslider_container_333\">\n        <div id=\"metaslider_333\">\n            <ul class='slides'>\n                <li style=\"display: block; width: 100%;\" class=\"slide-335 ms-image \" aria-roledescription=\"slide\" data-date=\"2017-05-18 08:23:48\" data-filename=\"actividades-figuerola-1.jpg\" data-slide-type=\"image\"><img loading=\"lazy\" decoding=\"async\" src=\"https:\/\/cangasol.net\/wp-content\/uploads\/actividades-figuerola-1.jpg\" height=\"292\" width=\"438\" alt=\"\" class=\"slider-333 slide-335 msDefaultImage\" \/><\/li>\n            <\/ul>\n        <\/div>\n        \n    <\/div>\n<\/div><\/div>\n<\/div><\/div><\/div><\/div><\/div><\/div><div id=\"pg-927-4\"  class=\"panel-grid panel-has-style\" ><div class=\"siteorigin-panels-stretch panel-row-style panel-row-style-for-927-4\" data-stretch-type=\"full\" ><div id=\"pgc-927-4-0\"  class=\"panel-grid-cell\" ><div id=\"panel-927-4-0-0\" class=\"so-panel widget widget_sow-editor panel-first-child panel-last-child\" data-index=\"7\" ><div class=\"panel-widget-style panel-widget-style-for-927-4-0-0\" ><div\n\t\t\t\n\t\t\tclass=\"so-widget-sow-editor so-widget-sow-editor-base\"\n\t\t\t\n\t\t>\n<div class=\"siteorigin-widget-tinymce textwidget\">\n\t<div id=\"metaslider-id-338\" style=\"max-width: 438px;\" class=\"ml-slider-3-108-0 metaslider metaslider-flex metaslider-338 ml-slider ml-slider-lightbox-2-22-0 lightbox-disabled ms-theme-default nav-hidden nav-hidden nav-hidden nav-hidden\" role=\"region\" aria-label=\"act-santmiquel\" data-height=\"292\" data-width=\"438\">\n    <div id=\"metaslider_container_338\">\n        <div id=\"metaslider_338\">\n            <ul class='slides'>\n                <li style=\"display: block; width: 100%;\" class=\"slide-340 ms-image \" aria-roledescription=\"slide\" data-date=\"2017-05-18 08:25:43\" data-filename=\"actividades-santmiquel-1.jpg\" data-slide-type=\"image\"><img loading=\"lazy\" decoding=\"async\" src=\"https:\/\/cangasol.net\/wp-content\/uploads\/actividades-santmiquel-1.jpg\" height=\"292\" width=\"438\" alt=\"\" class=\"slider-338 slide-340 msDefaultImage\" \/><\/li>\n            <\/ul>\n        <\/div>\n        \n    <\/div>\n<\/div><\/div>\n<\/div><\/div><\/div><\/div><div id=\"pgc-927-4-1\"  class=\"panel-grid-cell\" ><div id=\"panel-927-4-1-0\" class=\"so-panel widget widget_sow-editor panel-first-child panel-last-child\" data-index=\"8\" ><div class=\"panel-widget-style panel-widget-style-for-927-4-1-0\" ><div\n\t\t\t\n\t\t\tclass=\"so-widget-sow-editor so-widget-sow-editor-base\"\n\t\t\t\n\t\t>\n<div class=\"siteorigin-widget-tinymce textwidget\">\n\t<h2 class=\"p1\">Ermita de Sant Miquel (altitud 947 m)<\/h2>\n<p class=\"p1\">A 4 km de casa trobareu la pedania de Biure (651 m). Des del poble hi ha un cami que puja.<br \/>total desnivell: 296 m. 1 hora de caminada.<br \/>Tipus de ruta:\u00a0circular.<br \/>Nivell de dificultat:\u00a0moderada.<br \/>Desnivell acumulat:\u00a0351\u00a0m de pujada i de baixada.<br \/>Marques de seguiment:\u00a0senyals del Consell Comarcal de la Conca de Barber\u00e0, senyals de fusta i marques blanques i grogues de PR (petit recorregut) corresponents al PR-C21 i PRC21-1.<\/p>\n<\/div>\n<\/div><\/div><\/div><\/div><\/div><\/div><div id=\"pg-927-5\"  class=\"panel-grid panel-has-style\" ><div class=\"siteorigin-panels-stretch panel-row-style panel-row-style-for-927-5\" data-stretch-type=\"full\" ><div id=\"pgc-927-5-0\"  class=\"panel-grid-cell\" ><div id=\"panel-927-5-0-0\" class=\"so-panel widget widget_sow-editor panel-first-child panel-last-child\" data-index=\"9\" ><div class=\"panel-widget-style panel-widget-style-for-927-5-0-0\" ><div\n\t\t\t\n\t\t\tclass=\"so-widget-sow-editor so-widget-sow-editor-base\"\n\t\t\t\n\t\t>\n<div class=\"siteorigin-widget-tinymce textwidget\">\n\t<h2 class=\"p1\">Ruta dels molins<\/h2>\n<p class=\"p1\">A 2 km de casa. Aquest itinerari forma part de la\u00a0Ruta dels Molins de Santa Coloma de Queralt i Les Piles. Es tracta d'un passeig pels molins fariners de la part alta riu Gai\u00e0 al terme de Les Piles, un dels elements m\u00e9s emblem\u00e0tics del patrimoni hist\u00f2ric de la Baixa Segarra on el cultiu predominant \u00e9s el cereal.\u00a0<\/p>\n<\/div>\n<\/div><\/div><\/div><\/div><div id=\"pgc-927-5-1\"  class=\"panel-grid-cell\" ><div id=\"panel-927-5-1-0\" class=\"so-panel widget widget_sow-editor panel-first-child panel-last-child\" data-index=\"10\" ><div class=\"panel-widget-style panel-widget-style-for-927-5-1-0\" ><div\n\t\t\t\n\t\t\tclass=\"so-widget-sow-editor so-widget-sow-editor-base\"\n\t\t\t\n\t\t>\n<div class=\"siteorigin-widget-tinymce textwidget\">\n\t<div id=\"metaslider-id-341\" style=\"max-width: 438px;\" class=\"ml-slider-3-108-0 metaslider metaslider-flex metaslider-341 ml-slider ml-slider-lightbox-2-22-0 lightbox-disabled ms-theme-default nav-hidden nav-hidden nav-hidden nav-hidden nav-hidden\" role=\"region\" aria-label=\"act-molins\" data-height=\"292\" data-width=\"438\">\n    <div id=\"metaslider_container_341\">\n        <div id=\"metaslider_341\">\n            <ul class='slides'>\n                <li style=\"display: block; width: 100%;\" class=\"slide-344 ms-image \" aria-roledescription=\"slide\" data-date=\"2017-05-18 08:28:18\" data-filename=\"actividades-molins-1.jpg\" data-slide-type=\"image\"><img loading=\"lazy\" decoding=\"async\" src=\"https:\/\/cangasol.net\/wp-content\/uploads\/actividades-molins-1.jpg\" height=\"292\" width=\"438\" alt=\"\" class=\"slider-341 slide-344 msDefaultImage\" \/><\/li>\n            <\/ul>\n        <\/div>\n        \n    <\/div>\n<\/div><\/div>\n<\/div><\/div><\/div><\/div><\/div><\/div><div id=\"pg-927-6\"  class=\"panel-grid panel-has-style\" ><div class=\"siteorigin-panels-stretch panel-row-style panel-row-style-for-927-6\" data-stretch-type=\"full\" ><div id=\"pgc-927-6-0\"  class=\"panel-grid-cell\" ><div id=\"panel-927-6-0-0\" class=\"so-panel widget widget_sow-editor panel-first-child panel-last-child\" data-index=\"11\" ><div class=\"panel-widget-style panel-widget-style-for-927-6-0-0\" ><div\n\t\t\t\n\t\t\tclass=\"so-widget-sow-editor so-widget-sow-editor-base\"\n\t\t\t\n\t\t>\n<div class=\"siteorigin-widget-tinymce textwidget\">\n\t<div id=\"metaslider-id-345\" style=\"max-width: 438px;\" class=\"ml-slider-3-108-0 metaslider metaslider-flex metaslider-345 ml-slider ml-slider-lightbox-2-22-0 lightbox-disabled ms-theme-default nav-hidden nav-hidden nav-hidden nav-hidden nav-hidden nav-hidden\" role=\"region\" aria-label=\"act-monasterios\" data-height=\"292\" data-width=\"438\">\n    <div id=\"metaslider_container_345\">\n        <div id=\"metaslider_345\">\n            <ul class='slides'>\n                <li style=\"display: block; width: 100%;\" class=\"slide-348 ms-image \" aria-roledescription=\"slide\" data-date=\"2017-05-18 08:29:10\" data-filename=\"actividades-monestirs-1.jpg\" data-slide-type=\"image\"><img loading=\"lazy\" decoding=\"async\" src=\"https:\/\/cangasol.net\/wp-content\/uploads\/actividades-monestirs-1.jpg\" height=\"292\" width=\"438\" alt=\"\" class=\"slider-345 slide-348 msDefaultImage\" \/><\/li>\n                <li style=\"display: none; width: 100%;\" class=\"slide-349 ms-image \" aria-roledescription=\"slide\" data-date=\"2017-05-18 08:29:10\" data-filename=\"actividades-monestirs-2.jpg\" data-slide-type=\"image\"><img loading=\"lazy\" decoding=\"async\" src=\"https:\/\/cangasol.net\/wp-content\/uploads\/actividades-monestirs-2.jpg\" height=\"292\" width=\"438\" alt=\"\" class=\"slider-345 slide-349 msDefaultImage\" \/><\/li>\n            <\/ul>\n        <\/div>\n        \n    <\/div>\n<\/div><\/div>\n<\/div><\/div><\/div><\/div><div id=\"pgc-927-6-1\"  class=\"panel-grid-cell\" ><div id=\"panel-927-6-1-0\" class=\"so-panel widget widget_sow-editor panel-first-child panel-last-child\" data-index=\"12\" ><div class=\"panel-widget-style panel-widget-style-for-927-6-1-0\" ><div\n\t\t\t\n\t\t\tclass=\"so-widget-sow-editor so-widget-sow-editor-base\"\n\t\t\t\n\t\t>\n<div class=\"siteorigin-widget-tinymce textwidget\">\n\t<h2 class=\"p1\">Monestirs Cistercencs Poblet, Vallbona de les Monges i Santes Creus<\/h2>\n<\/div>\n<\/div><\/div><\/div><\/div><\/div><\/div><div id=\"pg-927-7\"  class=\"panel-grid panel-has-style\" ><div class=\"siteorigin-panels-stretch panel-row-style panel-row-style-for-927-7\" data-stretch-type=\"full\" ><div id=\"pgc-927-7-0\"  class=\"panel-grid-cell\" ><div id=\"panel-927-7-0-0\" class=\"so-panel widget widget_sow-editor panel-first-child panel-last-child\" data-index=\"13\" ><div class=\"panel-widget-style panel-widget-style-for-927-7-0-0\" ><div\n\t\t\t\n\t\t\tclass=\"so-widget-sow-editor so-widget-sow-editor-base\"\n\t\t\t\n\t\t>\n<div class=\"siteorigin-widget-tinymce textwidget\">\n\t<h2 class=\"p1\">Museu i forn de vidre<\/h2>\n<p class=\"p1\">A 32 km de Vimbod\u00ed. Inclou la visita lliure a la col\u00b7lecci\u00f3 i la demostraci\u00f3 en directe de\u00a0vidre\u00a0bufat. Visites i demostracions en directe.<\/p>\n<p class=\"p1\">La visita al Museu i Forn del Vidre de Vimbod\u00ed consta de dues parts: Visita a l'exposici\u00f3 permanent, situada al primer pis del Museu, on es troba la informaci\u00f3 relacionada amb el vidre i el seu proc\u00e9s creatiu i l'exposici\u00f3 d'algunes peces antigues elaborades al forn.<\/p>\n<\/div>\n<\/div><\/div><\/div><\/div><div id=\"pgc-927-7-1\"  class=\"panel-grid-cell\" ><div id=\"panel-927-7-1-0\" class=\"so-panel widget widget_sow-editor panel-first-child panel-last-child\" data-index=\"14\" ><div class=\"panel-widget-style panel-widget-style-for-927-7-1-0\" ><div\n\t\t\t\n\t\t\tclass=\"so-widget-sow-editor so-widget-sow-editor-base\"\n\t\t\t\n\t\t>\n<div class=\"siteorigin-widget-tinymce textwidget\">\n\t<div id=\"metaslider-id-352\" style=\"max-width: 438px;\" class=\"ml-slider-3-108-0 metaslider metaslider-flex metaslider-352 ml-slider ml-slider-lightbox-2-22-0 lightbox-disabled ms-theme-default nav-hidden nav-hidden nav-hidden nav-hidden nav-hidden nav-hidden nav-hidden\" role=\"region\" aria-label=\"act-hornovidrio\" data-height=\"292\" data-width=\"438\">\n    <div id=\"metaslider_container_352\">\n        <div id=\"metaslider_352\">\n            <ul class='slides'>\n                <li style=\"display: block; width: 100%;\" class=\"slide-354 ms-image \" aria-roledescription=\"slide\" data-date=\"2017-05-18 08:30:54\" data-filename=\"actividades-fornvidre-1.jpg\" data-slide-type=\"image\"><img loading=\"lazy\" decoding=\"async\" src=\"https:\/\/cangasol.net\/wp-content\/uploads\/actividades-fornvidre-1.jpg\" height=\"292\" width=\"438\" alt=\"\" class=\"slider-352 slide-354 msDefaultImage\" \/><\/li>\n            <\/ul>\n        <\/div>\n        \n    <\/div>\n<\/div><\/div>\n<\/div><\/div><\/div><\/div><\/div><\/div><\/div>","protected":false},"excerpt":{"rendered":"<p>Activit\u00e9s Producci\u00f3 de melmelades artesanalsAl propi Guialmons es produeixen artesanalment melmelades i vinagres per marinar. Tallers d\u00b4unes hores on trobareu les receptes i la manera de fer les melmelades.www.mariasoler.cat633739930<\/p>\n","protected":false},"author":5,"featured_media":0,"parent":0,"menu_order":4,"comment_status":"closed","ping_status":"closed","template":"","meta":{"generate_page_header":"","footnotes":""},"class_list":["post-927","page","type-page","status-publish"],"yoast_head":"<!-- This site is optimized with the Yoast SEO plugin v27.2 - https:\/\/yoast.com\/product\/yoast-seo-wordpress\/ -->\n<title>Activit\u00e9s - Can Gasol<\/title>\n<meta name=\"robots\" content=\"index, follow, max-snippet:-1, max-image-preview:large, max-video-preview:-1\" \/>\n<link rel=\"canonical\" href=\"https:\/\/cangasol.net\/fr\/activites\/\" \/>\n<meta property=\"og:locale\" content=\"fr_FR\" \/>\n<meta property=\"og:type\" content=\"article\" \/>\n<meta property=\"og:title\" content=\"Activit\u00e9s - Can Gasol\" \/>\n<meta property=\"og:description\" content=\"Activit\u00e9s Producci\u00f3 de melmelades artesanalsAl propi Guialmons es produeixen artesanalment melmelades i vinagres per marinar. Tallers d\u00b4unes hores on trobareu les receptes i la manera de fer les melmelades.www.mariasoler.cat633739930\" \/>\n<meta property=\"og:url\" content=\"https:\/\/cangasol.net\/fr\/activites\/\" \/>\n<meta property=\"og:site_name\" content=\"Can Gasol\" \/>\n<meta property=\"article:publisher\" content=\"https:\/\/www.facebook.com\/Can-Gasol-305046562886266\" \/>\n<meta property=\"article:modified_time\" content=\"2017-06-20T05:43:24+00:00\" \/>\n<meta property=\"og:image\" content=\"https:\/\/cangasol.net\/wp-content\/uploads\/cropped-logo.jpg\" \/>\n\t<meta property=\"og:image:width\" content=\"171\" \/>\n\t<meta property=\"og:image:height\" content=\"110\" \/>\n\t<meta property=\"og:image:type\" content=\"image\/jpeg\" \/>\n<meta name=\"twitter:card\" content=\"summary_large_image\" \/>\n<meta name=\"twitter:label1\" content=\"Dur\u00e9e de lecture estim\u00e9e\" \/>\n\t<meta name=\"twitter:data1\" content=\"2 minutes\" \/>\n<script type=\"application\/ld+json\" class=\"yoast-schema-graph\">{\"@context\":\"https:\/\/schema.org\",\"@graph\":[{\"@type\":\"WebPage\",\"@id\":\"https:\/\/cangasol.net\/fr\/activites\/\",\"url\":\"https:\/\/cangasol.net\/fr\/activites\/\",\"name\":\"Activit\u00e9s - Can Gasol\",\"isPartOf\":{\"@id\":\"https:\/\/cangasol.net\/#website\"},\"datePublished\":\"2017-06-20T05:30:15+00:00\",\"dateModified\":\"2017-06-20T05:43:24+00:00\",\"breadcrumb\":{\"@id\":\"https:\/\/cangasol.net\/fr\/activites\/#breadcrumb\"},\"inLanguage\":\"fr-FR\",\"potentialAction\":[{\"@type\":\"ReadAction\",\"target\":[\"https:\/\/cangasol.net\/fr\/activites\/\"]}]},{\"@type\":\"BreadcrumbList\",\"@id\":\"https:\/\/cangasol.net\/fr\/activites\/#breadcrumb\",\"itemListElement\":[{\"@type\":\"ListItem\",\"position\":1,\"name\":\"Portada\",\"item\":\"https:\/\/cangasol.net\/fr\/\"},{\"@type\":\"ListItem\",\"position\":2,\"name\":\"Activit\u00e9s\"}]},{\"@type\":\"WebSite\",\"@id\":\"https:\/\/cangasol.net\/#website\",\"url\":\"https:\/\/cangasol.net\/\",\"name\":\"Can Gasol\",\"description\":\"Casa Rural a la Conca del Barber\u00e0\",\"publisher\":{\"@id\":\"https:\/\/cangasol.net\/#organization\"},\"potentialAction\":[{\"@type\":\"SearchAction\",\"target\":{\"@type\":\"EntryPoint\",\"urlTemplate\":\"https:\/\/cangasol.net\/?s={search_term_string}\"},\"query-input\":{\"@type\":\"PropertyValueSpecification\",\"valueRequired\":true,\"valueName\":\"search_term_string\"}}],\"inLanguage\":\"fr-FR\"},{\"@type\":\"Organization\",\"@id\":\"https:\/\/cangasol.net\/#organization\",\"name\":\"Can Gasol\",\"url\":\"https:\/\/cangasol.net\/\",\"logo\":{\"@type\":\"ImageObject\",\"inLanguage\":\"fr-FR\",\"@id\":\"https:\/\/cangasol.net\/#\/schema\/logo\/image\/\",\"url\":\"https:\/\/cangasol.net\/wp-content\/uploads\/cropped-logo.jpg\",\"contentUrl\":\"https:\/\/cangasol.net\/wp-content\/uploads\/cropped-logo.jpg\",\"width\":171,\"height\":110,\"caption\":\"Can Gasol\"},\"image\":{\"@id\":\"https:\/\/cangasol.net\/#\/schema\/logo\/image\/\"},\"sameAs\":[\"https:\/\/www.facebook.com\/Can-Gasol-305046562886266\"]}]}<\/script>\n<!-- \/ Yoast SEO plugin. -->","yoast_head_json":{"title":"Activit\u00e9s - Can Gasol","robots":{"index":"index","follow":"follow","max-snippet":"max-snippet:-1","max-image-preview":"max-image-preview:large","max-video-preview":"max-video-preview:-1"},"canonical":"https:\/\/cangasol.net\/fr\/activites\/","og_locale":"fr_FR","og_type":"article","og_title":"Activit\u00e9s - Can Gasol","og_description":"Activit\u00e9s Producci\u00f3 de melmelades artesanalsAl propi Guialmons es produeixen artesanalment melmelades i vinagres per marinar. Tallers d\u00b4unes hores on trobareu les receptes i la manera de fer les melmelades.www.mariasoler.cat633739930","og_url":"https:\/\/cangasol.net\/fr\/activites\/","og_site_name":"Can Gasol","article_publisher":"https:\/\/www.facebook.com\/Can-Gasol-305046562886266","article_modified_time":"2017-06-20T05:43:24+00:00","og_image":[{"width":171,"height":110,"url":"https:\/\/cangasol.net\/wp-content\/uploads\/cropped-logo.jpg","type":"image\/jpeg"}],"twitter_card":"summary_large_image","twitter_misc":{"Dur\u00e9e de lecture estim\u00e9e":"2 minutes"},"schema":{"@context":"https:\/\/schema.org","@graph":[{"@type":"WebPage","@id":"https:\/\/cangasol.net\/fr\/activites\/","url":"https:\/\/cangasol.net\/fr\/activites\/","name":"Activit\u00e9s - Can Gasol","isPartOf":{"@id":"https:\/\/cangasol.net\/#website"},"datePublished":"2017-06-20T05:30:15+00:00","dateModified":"2017-06-20T05:43:24+00:00","breadcrumb":{"@id":"https:\/\/cangasol.net\/fr\/activites\/#breadcrumb"},"inLanguage":"fr-FR","potentialAction":[{"@type":"ReadAction","target":["https:\/\/cangasol.net\/fr\/activites\/"]}]},{"@type":"BreadcrumbList","@id":"https:\/\/cangasol.net\/fr\/activites\/#breadcrumb","itemListElement":[{"@type":"ListItem","position":1,"name":"Portada","item":"https:\/\/cangasol.net\/fr\/"},{"@type":"ListItem","position":2,"name":"Activit\u00e9s"}]},{"@type":"WebSite","@id":"https:\/\/cangasol.net\/#website","url":"https:\/\/cangasol.net\/","name":"Can Gasol","description":"Casa Rural a la Conca del Barber\u00e0","publisher":{"@id":"https:\/\/cangasol.net\/#organization"},"potentialAction":[{"@type":"SearchAction","target":{"@type":"EntryPoint","urlTemplate":"https:\/\/cangasol.net\/?s={search_term_string}"},"query-input":{"@type":"PropertyValueSpecification","valueRequired":true,"valueName":"search_term_string"}}],"inLanguage":"fr-FR"},{"@type":"Organization","@id":"https:\/\/cangasol.net\/#organization","name":"Can Gasol","url":"https:\/\/cangasol.net\/","logo":{"@type":"ImageObject","inLanguage":"fr-FR","@id":"https:\/\/cangasol.net\/#\/schema\/logo\/image\/","url":"https:\/\/cangasol.net\/wp-content\/uploads\/cropped-logo.jpg","contentUrl":"https:\/\/cangasol.net\/wp-content\/uploads\/cropped-logo.jpg","width":171,"height":110,"caption":"Can Gasol"},"image":{"@id":"https:\/\/cangasol.net\/#\/schema\/logo\/image\/"},"sameAs":["https:\/\/www.facebook.com\/Can-Gasol-305046562886266"]}]}},"_links":{"self":[{"href":"https:\/\/cangasol.net\/fr\/wp-json\/wp\/v2\/pages\/927","targetHints":{"allow":["GET"]}}],"collection":[{"href":"https:\/\/cangasol.net\/fr\/wp-json\/wp\/v2\/pages"}],"about":[{"href":"https:\/\/cangasol.net\/fr\/wp-json\/wp\/v2\/types\/page"}],"author":[{"embeddable":true,"href":"https:\/\/cangasol.net\/fr\/wp-json\/wp\/v2\/users\/5"}],"replies":[{"embeddable":true,"href":"https:\/\/cangasol.net\/fr\/wp-json\/wp\/v2\/comments?post=927"}],"version-history":[{"count":7,"href":"https:\/\/cangasol.net\/fr\/wp-json\/wp\/v2\/pages\/927\/revisions"}],"predecessor-version":[{"id":965,"href":"https:\/\/cangasol.net\/fr\/wp-json\/wp\/v2\/pages\/927\/revisions\/965"}],"wp:attachment":[{"href":"https:\/\/cangasol.net\/fr\/wp-json\/wp\/v2\/media?parent=927"}],"curies":[{"name":"wp","href":"https:\/\/api.w.org\/{rel}","templated":true}]}}