{"id":805,"date":"2017-06-09T08:14:41","date_gmt":"2017-06-09T06:14:41","guid":{"rendered":"https:\/\/cangasol.net\/?page_id=805\/"},"modified":"2019-12-17T19:57:41","modified_gmt":"2019-12-17T18:57:41","slug":"bienvenue","status":"publish","type":"page","link":"https:\/\/cangasol.net\/fr\/","title":{"rendered":"Bienvenue"},"content":{"rendered":"<div id=\"pl-805\"  class=\"panel-layout\" ><div id=\"pg-805-0\"  class=\"panel-grid panel-has-style\" ><div class=\"siteorigin-panels-stretch panel-row-style panel-row-style-for-805-0\" data-stretch-type=\"full-stretched\" ><div id=\"pgc-805-0-0\"  class=\"panel-grid-cell\" ><div id=\"panel-805-0-0-0\" class=\"so-panel widget widget_sow-hero panel-first-child panel-last-child\" data-index=\"0\" ><div\n\t\t\t\n\t\t\tclass=\"so-widget-sow-hero so-widget-sow-hero-default-c7005a3fb88e-805 so-widget-fittext-wrapper\"\n\t\t\t data-fit-text-compressor=\"0.85\"\n\t\t>\t\t\t\t<div class=\"sow-slider-base\" style=\"display: none\" tabindex=\"0\">\n\t\t\t\t\t<ul\n\t\t\t\t\tclass=\"sow-slider-images\"\n\t\t\t\t\tdata-settings=\"{&quot;pagination&quot;:true,&quot;speed&quot;:800,&quot;timeout&quot;:8000,&quot;paused&quot;:false,&quot;pause_on_hover&quot;:false,&quot;swipe&quot;:true,&quot;nav_always_show_desktop&quot;:&quot;&quot;,&quot;nav_always_show_mobile&quot;:&quot;&quot;,&quot;breakpoint&quot;:&quot;780px&quot;,&quot;unmute&quot;:false,&quot;anchor&quot;:null}\"\n\t\t\t\t\tstyle=\"min-height: 550px\"\t\t\t\t\tdata-anchor-id=\"\"\n\t\t\t\t>\t\t<li class=\"sow-slider-image  sow-slider-image-cover\" style=\"visibility: visible;;background-color: #333333;background-image: url(https:\/\/cangasol.net\/wp-content\/uploads\/slider-entrada.jpg)\" >\n\t\t\t\t\t<div class=\"sow-slider-image-container\">\n\t\t\t<div class=\"sow-slider-image-wrapper\">\n\t\t\t\t<h1>Can Gasol<\/h1>\t\t\t<\/div>\n\t\t<\/div>\n\t\t\t\t<\/li>\n\t\t<\/ul>\t\t\t\t<ol class=\"sow-slider-pagination\">\n\t\t\t\t\t\t\t\t\t\t\t<li><a href=\"#\" data-goto=\"0\" aria-label=\"Display slide 1\"><\/a><\/li>\n\t\t\t\t\t\t\t\t\t<\/ol>\n\n\t\t\t\t<div class=\"sow-slide-nav sow-slide-nav-next\">\n\t\t\t\t\t<a href=\"#\" data-goto=\"next\" aria-label=\"Next slide\" data-action=\"next\">\n\t\t\t\t\t\t<em class=\"sow-sld-icon-thin-right\"><\/em>\n\t\t\t\t\t<\/a>\n\t\t\t\t<\/div>\n\n\t\t\t\t<div class=\"sow-slide-nav sow-slide-nav-prev\">\n\t\t\t\t\t<a href=\"#\" data-goto=\"previous\" aria-label=\"Previous slide\" data-action=\"prev\">\n\t\t\t\t\t\t<em class=\"sow-sld-icon-thin-left\"><\/em>\n\t\t\t\t\t<\/a>\n\t\t\t\t<\/div>\n\t\t\t\t<\/div><\/div><\/div><\/div><\/div><\/div><div id=\"pg-805-1\"  class=\"panel-grid panel-has-style\" ><div class=\"presentacion panel-row-style panel-row-style-for-805-1\" ><div id=\"pgc-805-1-0\"  class=\"panel-grid-cell\" ><div id=\"panel-805-1-0-0\" class=\"so-panel widget widget_sow-editor panel-first-child panel-last-child\" data-index=\"1\" ><div class=\"panel-widget-style panel-widget-style-for-805-1-0-0\" ><div\n\t\t\t\n\t\t\tclass=\"so-widget-sow-editor so-widget-sow-editor-base\"\n\t\t\t\n\t\t>\n<div class=\"siteorigin-widget-tinymce textwidget\">\n\t<p style=\"text-align: center;\"><strong>Can Gasol<\/strong> est une maison du XVI\u00e8me si\u00e8cle, compl\u00e8tement restaur\u00e9e et que nous proposons \u00e0 nos clients pour passer un moment de repos et de s\u00e9r\u00e9nit\u00e9.<\/p>\n<p style=\"text-align: center;\">Nous l\u2019avons achet\u00e9 en 1999 et, depuis lors, nous avons mis beaucoup de temps et d\u2019efforts \u00e0 sa soigneuse restauration que nous avons r\u00e9alis\u00e9e par phases, en respectant toujours la structure originelle, mais nous avons aussi veill\u00e9e pour qu\u2019elle reste compl\u00e8tement \u00e9quip\u00e9e afin que nos clients puissent disposer d'un espace confortable.<\/p>\n<\/div>\n<\/div><\/div><\/div><\/div><\/div><\/div><div id=\"pg-805-2\"  class=\"panel-grid panel-has-style\" ><div class=\"cont_video so-parallax siteorigin-panels-stretch panel-row-style panel-row-style-for-805-2\" data-stretch-type=\"full\" ><img fetchpriority=\"high\" decoding=\"async\" width=\"1920\" height=\"1280\" src=\"https:\/\/cangasol.net\/wp-content\/uploads\/recurso-hojas-70.jpg\" class=\"attachment-full size-full\" alt=\"\" data-siteorigin-parallax=\"true\" loading=\"eager\" srcset=\"https:\/\/cangasol.net\/wp-content\/uploads\/recurso-hojas-70.jpg 1920w, https:\/\/cangasol.net\/wp-content\/uploads\/recurso-hojas-70-300x200.jpg 300w, https:\/\/cangasol.net\/wp-content\/uploads\/recurso-hojas-70-768x512.jpg 768w, https:\/\/cangasol.net\/wp-content\/uploads\/recurso-hojas-70-1024x683.jpg 1024w\" sizes=\"(max-width: 1920px) 100vw, 1920px\" \/><div id=\"pgc-805-2-0\"  class=\"panel-grid-cell\" ><div id=\"panel-805-2-0-0\" class=\"so-panel widget widget_sow-headline panel-first-child\" data-index=\"2\" ><div class=\"panel-widget-style panel-widget-style-for-805-2-0-0\" ><div\n\t\t\t\n\t\t\tclass=\"so-widget-sow-headline so-widget-sow-headline-default-bb2f1ff6ae23-805\"\n\t\t\t\n\t\t><div class=\"sow-headline-container \">\n\t\t\t\t\t\t\t<h2 class=\"sow-headline\">\n\t\t\t\t\t\tVid\u00e9o de la maison\t\t\t\t\t\t<\/h2>\n\t\t\t\t\t\t<\/div>\n<\/div><\/div><\/div><div id=\"panel-805-2-0-1\" class=\"so-panel widget widget_sow-editor panel-last-child\" data-index=\"3\" ><div\n\t\t\t\n\t\t\tclass=\"so-widget-sow-editor so-widget-sow-editor-base\"\n\t\t\t\n\t\t>\n<div class=\"siteorigin-widget-tinymce textwidget\">\n\t<style>.embed-container { position: relative; padding-bottom: 56.25%; height: 0; overflow: hidden; max-width: 100%; } .embed-container iframe, .embed-container object, .embed-container embed { position: absolute; top: 0; left: 0; width: 100%; height: 100%; }<\/style>\n<div class='embed-container'><iframe src='https:\/\/www.youtube.com\/embed\/\/z6DgZwJhjVQ' frameborder='0' allowfullscreen><\/iframe><\/div>\n<\/div>\n<\/div><\/div><\/div><\/div><\/div><div id=\"pg-805-3\"  class=\"panel-grid panel-has-style\" ><div class=\"siteorigin-panels-stretch panel-row-style panel-row-style-for-805-3\" data-stretch-type=\"full\" ><div id=\"pgc-805-3-0\"  class=\"panel-grid-cell\" ><div id=\"panel-805-3-0-0\" class=\"so-panel widget widget_sow-features panel-first-child panel-last-child\" data-index=\"4\" ><div\n\t\t\t\n\t\t\tclass=\"so-widget-sow-features so-widget-sow-features-default-f50d7e0ee34c-805\"\n\t\t\t\n\t\t><ul\n\tclass=\"sow-features-list\n\tsow-features-responsive\">\n\n\t\t\t<li\n\t\t\tclass=\"sow-features-feature sow-icon-container-position-top\"\n\t\t\tstyle=\"display: flex; flex-direction: column; width: calc(33.333% - 25px);\"\n\t\t>\n\t\t\t\n\t\t\t\t\t\t<div\t\t\t\tclass=\"sow-icon-container sow-container-round\"\n\t\t\t\tstyle=\"color: #504b4b; \"\n\t\t\t\t\n\t\t\t\t\t\t\t>\n\t\t\t\t<span class=\"sow-icon-fontawesome sow-fas\" data-sow-icon=\"&#xf015;\"\n\t\tstyle=\"font-size: 55px; color: #FFFFFF\" \n\t\taria-hidden=\"true\"><\/span>\t\t\t<\/div>\n\n\t\t\t<div class=\"textwidget\">\n\t\t\t\t\n\t\t\t\t\t\t\t\t\t<h5 class=\"sow-features-feature-title\">\n\t\t\t\t\t\t\t\t\t\t\t\t\t<a\n\t\t\t\t\t\t\t\thref=\"https:\/\/cangasol.net\/fr\/notre-maison\/\"\n\t\t\t\t\t\t\t\t\t\t\t\t\t\t\t>\n\t\t\t\t\t\t\tNotre maison\t\t\t\t\t\t\t<\/a>\n\t\t\t\t\t\t\t\t\t\t\t\t<\/h5>\n\t\t\t\t\n\t\t\t\t\t\t\t\t\t<div class=\"sow-features-feature-text\">\n\t\t\t\t\t<p>R\u00e9pondre \u00e0 notre maison et ses alentours merveilleux<\/p>\t\t\t\t\t<\/div>\n\t\t\t\t\t\t\t\t<\/div>\n\t\t\t\t\t\t\t\t<\/li>\n\n\t\t\t<li\n\t\t\tclass=\"sow-features-feature sow-icon-container-position-top\"\n\t\t\tstyle=\"display: flex; flex-direction: column; width: calc(33.333% - 25px);\"\n\t\t>\n\t\t\t\n\t\t\t\t\t\t<div\t\t\t\tclass=\"sow-icon-container sow-container-round\"\n\t\t\t\tstyle=\"color: #504b4b; \"\n\t\t\t\t\n\t\t\t\t\t\t\t>\n\t\t\t\t<span class=\"sow-icon-fontawesome sow-fas\" data-sow-icon=\"&#xf00c;\"\n\t\tstyle=\"font-size: 55px; color: #FFFFFF\" \n\t\taria-hidden=\"true\"><\/span>\t\t\t<\/div>\n\n\t\t\t<div class=\"textwidget\">\n\t\t\t\t\n\t\t\t\t\t\t\t\t\t<h5 class=\"sow-features-feature-title\">\n\t\t\t\t\t\t\t\t\t\t\t\t\t<a\n\t\t\t\t\t\t\t\thref=\"https:\/\/cangasol.net\/fr\/reserver\/\"\n\t\t\t\t\t\t\t\t\t\t\t\t\t\t\t>\n\t\t\t\t\t\t\tR\u00e9server\t\t\t\t\t\t\t<\/a>\n\t\t\t\t\t\t\t\t\t\t\t\t<\/h5>\n\t\t\t\t\n\t\t\t\t\t\t\t\t\t<div class=\"sow-features-feature-text\">\n\t\t\t\t\t<p>V\u00e9rifier les tarifs et la disponibilit\u00e9. R\u00e9servez confortablement depuis le web<\/p>\t\t\t\t\t<\/div>\n\t\t\t\t\t\t\t\t<\/div>\n\t\t\t\t\t\t\t\t<\/li>\n\n\t\t\t<li\n\t\t\tclass=\"sow-features-feature sow-icon-container-position-top\"\n\t\t\tstyle=\"display: flex; flex-direction: column; width: calc(33.333% - 25px);\"\n\t\t>\n\t\t\t\n\t\t\t\t\t\t<div\t\t\t\tclass=\"sow-icon-container sow-container-round\"\n\t\t\t\tstyle=\"color: #504b4b; \"\n\t\t\t\t\n\t\t\t\t\t\t\t>\n\t\t\t\t<span class=\"sow-icon-fontawesome sow-far\" data-sow-icon=\"&#xf075;\"\n\t\tstyle=\"font-size: 55px; color: #FFFFFF\" \n\t\taria-hidden=\"true\"><\/span>\t\t\t<\/div>\n\n\t\t\t<div class=\"textwidget\">\n\t\t\t\t\n\t\t\t\t\t\t\t\t\t<h5 class=\"sow-features-feature-title\">\n\t\t\t\t\t\t\t\t\t\t\t\t\t<a\n\t\t\t\t\t\t\t\thref=\"https:\/\/cangasol.net\/fr\/contact\/\"\n\t\t\t\t\t\t\t\t\t\t\t\t\t\t\t>\n\t\t\t\t\t\t\tContact\t\t\t\t\t\t\t<\/a>\n\t\t\t\t\t\t\t\t\t\t\t\t<\/h5>\n\t\t\t\t\n\t\t\t\t\t\t\t\t\t<div class=\"sow-features-feature-text\">\n\t\t\t\t\t<p>Contactez-nous si des dizaines de le quelconque doutent ou question<\/p>\t\t\t\t\t<\/div>\n\t\t\t\t\t\t\t\t<\/div>\n\t\t\t\t\t\t\t\t<\/li>\n\n\t<\/ul>\n<\/div><\/div><\/div><\/div><\/div><div id=\"pg-805-4\"  class=\"panel-grid panel-has-style\" ><div class=\"cont-testimonios siteorigin-panels-stretch panel-row-style panel-row-style-for-805-4\" data-stretch-type=\"full\" ><div id=\"pgc-805-4-0\"  class=\"panel-grid-cell\" ><div id=\"panel-805-4-0-0\" class=\"so-panel widget widget_cycledtestimonialwidget cycledTestimonialWidget panel-first-child panel-last-child\" data-index=\"5\"><h3 class=\"widget-title\">Nos clients ont dit&#8230;<\/h3><\/div><\/div><\/div><\/div><\/div>","protected":false},"excerpt":{"rendered":"<p>Can Gasol est une maison du XVI\u00e8me si\u00e8cle, compl\u00e8tement restaur\u00e9e et que nous proposons \u00e0 nos clients pour passer un moment de repos et de s\u00e9r\u00e9nit\u00e9.Nous l\u2019avons achet\u00e9 en 1999 et, depuis lors, nous avons mis beaucoup de temps et d\u2019efforts \u00e0 sa soigneuse restauration que nous avons r\u00e9alis\u00e9e par phases, en respectant toujours la &#8230; <a title=\"Bienvenue\" class=\"read-more\" href=\"https:\/\/cangasol.net\/fr\/\" aria-label=\"En savoir plus sur Bienvenue\">Lire la suite<\/a><\/p>\n","protected":false},"author":5,"featured_media":0,"parent":0,"menu_order":1,"comment_status":"closed","ping_status":"closed","template":"","meta":{"generate_page_header":"","footnotes":""},"class_list":["post-805","page","type-page","status-publish"],"yoast_head":"<!-- This site is optimized with the Yoast SEO plugin v27.2 - https:\/\/yoast.com\/product\/yoast-seo-wordpress\/ -->\n<title>Bienvenue - Can Gasol<\/title>\n<meta name=\"robots\" content=\"index, follow, max-snippet:-1, max-image-preview:large, max-video-preview:-1\" \/>\n<link rel=\"canonical\" href=\"https:\/\/cangasol.net\/fr\/\" \/>\n<meta property=\"og:locale\" content=\"fr_FR\" \/>\n<meta property=\"og:type\" content=\"article\" \/>\n<meta property=\"og:title\" content=\"Bienvenue - Can Gasol\" \/>\n<meta property=\"og:description\" content=\"Can Gasol est une maison du XVI\u00e8me si\u00e8cle, compl\u00e8tement restaur\u00e9e et que nous proposons \u00e0 nos clients pour passer un moment de repos et de s\u00e9r\u00e9nit\u00e9.Nous l\u2019avons achet\u00e9 en 1999 et, depuis lors, nous avons mis beaucoup de temps et d\u2019efforts \u00e0 sa soigneuse restauration que nous avons r\u00e9alis\u00e9e par phases, en respectant toujours la ... Lire la suite\" \/>\n<meta property=\"og:url\" content=\"https:\/\/cangasol.net\/fr\/\" \/>\n<meta property=\"og:site_name\" content=\"Can Gasol\" \/>\n<meta property=\"article:publisher\" content=\"https:\/\/www.facebook.com\/Can-Gasol-305046562886266\" \/>\n<meta property=\"article:modified_time\" content=\"2019-12-17T18:57:41+00:00\" \/>\n<meta property=\"og:image\" content=\"https:\/\/cangasol.net\/wp-content\/uploads\/cropped-logo.jpg\" \/>\n\t<meta property=\"og:image:width\" content=\"171\" \/>\n\t<meta property=\"og:image:height\" content=\"110\" \/>\n\t<meta property=\"og:image:type\" content=\"image\/jpeg\" \/>\n<meta name=\"twitter:card\" content=\"summary_large_image\" \/>\n<meta name=\"twitter:label1\" content=\"Dur\u00e9e de lecture estim\u00e9e\" \/>\n\t<meta name=\"twitter:data1\" content=\"1 minute\" \/>\n<script type=\"application\/ld+json\" class=\"yoast-schema-graph\">{\"@context\":\"https:\/\/schema.org\",\"@graph\":[{\"@type\":\"WebPage\",\"@id\":\"https:\/\/cangasol.net\/fr\/\",\"url\":\"https:\/\/cangasol.net\/fr\/\",\"name\":\"Bienvenue - Can Gasol\",\"isPartOf\":{\"@id\":\"https:\/\/cangasol.net\/#website\"},\"datePublished\":\"2017-06-09T06:14:41+00:00\",\"dateModified\":\"2019-12-17T18:57:41+00:00\",\"breadcrumb\":{\"@id\":\"https:\/\/cangasol.net\/fr\/#breadcrumb\"},\"inLanguage\":\"fr-FR\",\"potentialAction\":[{\"@type\":\"ReadAction\",\"target\":[\"https:\/\/cangasol.net\/fr\/\"]}]},{\"@type\":\"BreadcrumbList\",\"@id\":\"https:\/\/cangasol.net\/fr\/#breadcrumb\",\"itemListElement\":[{\"@type\":\"ListItem\",\"position\":1,\"name\":\"Portada\",\"item\":\"https:\/\/cangasol.net\/fr\/\"},{\"@type\":\"ListItem\",\"position\":2,\"name\":\"Bienvenue\"}]},{\"@type\":\"WebSite\",\"@id\":\"https:\/\/cangasol.net\/#website\",\"url\":\"https:\/\/cangasol.net\/\",\"name\":\"Can Gasol\",\"description\":\"Casa Rural a la Conca del Barber\u00e0\",\"publisher\":{\"@id\":\"https:\/\/cangasol.net\/#organization\"},\"potentialAction\":[{\"@type\":\"SearchAction\",\"target\":{\"@type\":\"EntryPoint\",\"urlTemplate\":\"https:\/\/cangasol.net\/?s={search_term_string}\"},\"query-input\":{\"@type\":\"PropertyValueSpecification\",\"valueRequired\":true,\"valueName\":\"search_term_string\"}}],\"inLanguage\":\"fr-FR\"},{\"@type\":\"Organization\",\"@id\":\"https:\/\/cangasol.net\/#organization\",\"name\":\"Can Gasol\",\"url\":\"https:\/\/cangasol.net\/\",\"logo\":{\"@type\":\"ImageObject\",\"inLanguage\":\"fr-FR\",\"@id\":\"https:\/\/cangasol.net\/#\/schema\/logo\/image\/\",\"url\":\"https:\/\/cangasol.net\/wp-content\/uploads\/cropped-logo.jpg\",\"contentUrl\":\"https:\/\/cangasol.net\/wp-content\/uploads\/cropped-logo.jpg\",\"width\":171,\"height\":110,\"caption\":\"Can Gasol\"},\"image\":{\"@id\":\"https:\/\/cangasol.net\/#\/schema\/logo\/image\/\"},\"sameAs\":[\"https:\/\/www.facebook.com\/Can-Gasol-305046562886266\"]}]}<\/script>\n<!-- \/ Yoast SEO plugin. -->","yoast_head_json":{"title":"Bienvenue - Can Gasol","robots":{"index":"index","follow":"follow","max-snippet":"max-snippet:-1","max-image-preview":"max-image-preview:large","max-video-preview":"max-video-preview:-1"},"canonical":"https:\/\/cangasol.net\/fr\/","og_locale":"fr_FR","og_type":"article","og_title":"Bienvenue - Can Gasol","og_description":"Can Gasol est une maison du XVI\u00e8me si\u00e8cle, compl\u00e8tement restaur\u00e9e et que nous proposons \u00e0 nos clients pour passer un moment de repos et de s\u00e9r\u00e9nit\u00e9.Nous l\u2019avons achet\u00e9 en 1999 et, depuis lors, nous avons mis beaucoup de temps et d\u2019efforts \u00e0 sa soigneuse restauration que nous avons r\u00e9alis\u00e9e par phases, en respectant toujours la ... Lire la suite","og_url":"https:\/\/cangasol.net\/fr\/","og_site_name":"Can Gasol","article_publisher":"https:\/\/www.facebook.com\/Can-Gasol-305046562886266","article_modified_time":"2019-12-17T18:57:41+00:00","og_image":[{"width":171,"height":110,"url":"https:\/\/cangasol.net\/wp-content\/uploads\/cropped-logo.jpg","type":"image\/jpeg"}],"twitter_card":"summary_large_image","twitter_misc":{"Dur\u00e9e de lecture estim\u00e9e":"1 minute"},"schema":{"@context":"https:\/\/schema.org","@graph":[{"@type":"WebPage","@id":"https:\/\/cangasol.net\/fr\/","url":"https:\/\/cangasol.net\/fr\/","name":"Bienvenue - Can Gasol","isPartOf":{"@id":"https:\/\/cangasol.net\/#website"},"datePublished":"2017-06-09T06:14:41+00:00","dateModified":"2019-12-17T18:57:41+00:00","breadcrumb":{"@id":"https:\/\/cangasol.net\/fr\/#breadcrumb"},"inLanguage":"fr-FR","potentialAction":[{"@type":"ReadAction","target":["https:\/\/cangasol.net\/fr\/"]}]},{"@type":"BreadcrumbList","@id":"https:\/\/cangasol.net\/fr\/#breadcrumb","itemListElement":[{"@type":"ListItem","position":1,"name":"Portada","item":"https:\/\/cangasol.net\/fr\/"},{"@type":"ListItem","position":2,"name":"Bienvenue"}]},{"@type":"WebSite","@id":"https:\/\/cangasol.net\/#website","url":"https:\/\/cangasol.net\/","name":"Can Gasol","description":"Casa Rural a la Conca del Barber\u00e0","publisher":{"@id":"https:\/\/cangasol.net\/#organization"},"potentialAction":[{"@type":"SearchAction","target":{"@type":"EntryPoint","urlTemplate":"https:\/\/cangasol.net\/?s={search_term_string}"},"query-input":{"@type":"PropertyValueSpecification","valueRequired":true,"valueName":"search_term_string"}}],"inLanguage":"fr-FR"},{"@type":"Organization","@id":"https:\/\/cangasol.net\/#organization","name":"Can Gasol","url":"https:\/\/cangasol.net\/","logo":{"@type":"ImageObject","inLanguage":"fr-FR","@id":"https:\/\/cangasol.net\/#\/schema\/logo\/image\/","url":"https:\/\/cangasol.net\/wp-content\/uploads\/cropped-logo.jpg","contentUrl":"https:\/\/cangasol.net\/wp-content\/uploads\/cropped-logo.jpg","width":171,"height":110,"caption":"Can Gasol"},"image":{"@id":"https:\/\/cangasol.net\/#\/schema\/logo\/image\/"},"sameAs":["https:\/\/www.facebook.com\/Can-Gasol-305046562886266"]}]}},"_links":{"self":[{"href":"https:\/\/cangasol.net\/fr\/wp-json\/wp\/v2\/pages\/805","targetHints":{"allow":["GET"]}}],"collection":[{"href":"https:\/\/cangasol.net\/fr\/wp-json\/wp\/v2\/pages"}],"about":[{"href":"https:\/\/cangasol.net\/fr\/wp-json\/wp\/v2\/types\/page"}],"author":[{"embeddable":true,"href":"https:\/\/cangasol.net\/fr\/wp-json\/wp\/v2\/users\/5"}],"replies":[{"embeddable":true,"href":"https:\/\/cangasol.net\/fr\/wp-json\/wp\/v2\/comments?post=805"}],"version-history":[{"count":5,"href":"https:\/\/cangasol.net\/fr\/wp-json\/wp\/v2\/pages\/805\/revisions"}],"predecessor-version":[{"id":1335,"href":"https:\/\/cangasol.net\/fr\/wp-json\/wp\/v2\/pages\/805\/revisions\/1335"}],"wp:attachment":[{"href":"https:\/\/cangasol.net\/fr\/wp-json\/wp\/v2\/media?parent=805"}],"curies":[{"name":"wp","href":"https:\/\/api.w.org\/{rel}","templated":true}]}}