{"id":985,"date":"2017-06-20T09:33:21","date_gmt":"2017-06-20T07:33:21","guid":{"rendered":"https:\/\/cangasol.net\/?page_id=985\/"},"modified":"2017-06-20T09:33:21","modified_gmt":"2017-06-20T07:33:21","slug":"politica-de-cookies","status":"publish","type":"page","link":"https:\/\/cangasol.net\/es\/politica-de-cookies\/","title":{"rendered":"Pol\u00edtica de cookies"},"content":{"rendered":"<div id=\"pl-985\"  class=\"panel-layout\" ><div id=\"pg-985-0\"  class=\"panel-grid panel-has-style\" ><div class=\"panel-row-style panel-row-style-for-985-0\" ><div id=\"pgc-985-0-0\"  class=\"panel-grid-cell\" ><div id=\"panel-985-0-0-0\" class=\"so-panel widget widget_sow-editor panel-first-child panel-last-child\" data-index=\"0\" ><div\n\t\t\t\n\t\t\tclass=\"so-widget-sow-editor so-widget-sow-editor-base\"\n\t\t\t\n\t\t>\n<div class=\"siteorigin-widget-tinymce textwidget\">\n\t<h1>Pol\u00edtica de cookies<\/h1>\n<p>Una <em>cookie<\/em> es un fichero que se descarga en su ordenador al acceder a determinadas p\u00e1ginas web. Las <em>cookies<\/em> permiten a una p\u00e1gina web, entre otras cosas, almacenar y recuperar informaci\u00f3n sobre los h\u00e1bitos de navegaci\u00f3n de un usuario o de su equipo y, dependiendo de la informaci\u00f3n que contengan y de la forma en que utilice su equipo, pueden utilizarse para reconocer al usuario. El navegador del usuario memoriza <em>cookies<\/em> en el disco duro solamente durante la sesi\u00f3n actual, ocupando un espacio de memoria m\u00ednimo y no perjudicando al ordenador. Las <em>cookies<\/em> no contienen ninguna clase de informaci\u00f3n personal espec\u00edfica, y la mayor\u00eda de las mismas se borran del disco duro al finalizar la sesi\u00f3n de navegador (las denominadas <em>cookies<\/em> de sesi\u00f3n).<\/p>\n<p>La mayor\u00eda de los navegadores aceptan como est\u00e1ndar a las <em>cookies<\/em> y, con independencia de las mismas, permiten o impiden en los ajustes de seguridad las <em>cookies<\/em> temporales o memorizadas.<\/p>\n<p>Sin su expreso consentimiento \u2013mediante la activaci\u00f3n de las <em>cookies<\/em> en su navegador\u2013 cangasol.net no enlazar\u00e1 en las <em>cookies<\/em> los datos memorizados con sus datos personales proporcionados en el momento del registro o la compra.<\/p>\n<p>\u00bfQu\u00e9 tipos de <em>cookies<\/em> utiliza esta p\u00e1gina web?<\/p>\n<p>\u2013 <em>Cookies<\/em> t\u00e9cnicas: Son aquellas que permiten navegar al usuario a trav\u00e9s de una p\u00e1gina web, plataforma o aplicaci\u00f3n y utilizar las diferentes opciones o servicios que en ella existan como, por ejemplo, controlar el tr\u00e1fico y la comunicaci\u00f3n de datos, identificar la sesi\u00f3n, acceder a partes de acceso restringido, recordar los elementos que integran un pedido, realizar el proceso de compra de un pedido, realizar la solicitud de inscripci\u00f3n o participaci\u00f3n en un evento, utilizar elementos de seguridad durante la navegaci\u00f3n, almacenar contenidos para la difusi\u00f3n de v\u00eddeos o sonido o compartir contenidos a trav\u00e9s de redes sociales.<\/p>\n<p>\u2013 <em>Cookies<\/em> de personalizaci\u00f3n: Son aquellas que permiten al usuario acceder al servicio con algunas caracter\u00edsticas de car\u00e1cter general predefinidas en funci\u00f3n de una serie de criterios en el terminal del usuario como por ejemplo ser\u00edan el idioma, el tipo de navegador a trav\u00e9s del cual accede al servicio, la configuraci\u00f3n regional desde donde accede al servicio, etc.<\/p>\n<p>\u2013 <em>Cookies<\/em> de an\u00e1lisis: Son aquellas que, bien tratadas por nosotros o por terceros, nos permiten cuantificar el n\u00famero de usuarios y as\u00ed realizar la medici\u00f3n y an\u00e1lisis estad\u00edstico de la utilizaci\u00f3n que hacen los usuarios del servicio ofertado. Para ello se analiza su navegaci\u00f3n en nuestra p\u00e1gina web con el fin de mejorar la oferta de productos o servicios que le ofrecemos.<\/p>\n<p>\u2013 <em>Cookies<\/em> publicitarias: Son aquellas que, bien tratadas por nosotros o por terceros, nos permiten gestionar de la forma m\u00e1s eficaz posible la oferta de los espacios publicitarios que hay en la p\u00e1gina web, adecuando el contenido del anuncio al contenido del servicio solicitado o al uso que realice de nuestra p\u00e1gina web. Para ello podemos analizar sus h\u00e1bitos de navegaci\u00f3n en Internet y podemos mostrarle publicidad relacionada con su perfil de navegaci\u00f3n.<\/p>\n<p>\u2013 <em>Cookies<\/em> de publicidad comportamental: Son aquellas que permiten la gesti\u00f3n, de la forma m\u00e1s eficaz posible, de los espacios publicitarios que, en su caso, el editor haya incluido en una p\u00e1gina web, aplicaci\u00f3n o plataforma desde la que presta el servicio solicitado. Estas <em>cookies<\/em> almacenan informaci\u00f3n del comportamiento de los usuarios obtenida a trav\u00e9s de la observaci\u00f3n continuada de sus h\u00e1bitos de navegaci\u00f3n, lo que permite desarrollar un perfil espec\u00edfico para mostrar publicidad en funci\u00f3n del mismo.<\/p>\n<p>\u2013 <em>Cookies<\/em> de terceros: La web de cangasol.net puede utilizar servicios de terceros que, por cuenta de cangasol.net, recopilar\u00e1n informaci\u00f3n con fines estad\u00edsticos, de uso de la p\u00e1gina por parte del usuario y para la prestaci\u00f3n de otros servicios relacionados con la actividad de la p\u00e1gina web y otros servicios de Internet.<\/p>\n<p>En particular, este sitio web utiliza Google Analytics, un servicio anal\u00edtico de webs prestado por Google, Inc. con domicilio en los Estados Unidos con sede central en 1600 Amphitheatre Parkway, Mountain View, California 94043. Para la prestaci\u00f3n de estos servicios se utilizan <em>cookies<\/em> que recopilan informaci\u00f3n, incluida la direcci\u00f3n IP del usuario, que ser\u00e1 transmitida, tratada y almacenada por Google en los t\u00e9rminos fijados en la web Google.com, incluyendo la posible transmisi\u00f3n de dicha informaci\u00f3n a terceros por razones de exigencia legal o cuando dichos terceros procesen la informaci\u00f3n por cuenta de Google.<\/p>\n<p>El Usuario acepta expresamente, al utilizar esta p\u00e1gina web , el tratamiento de la informaci\u00f3n recabada en la forma y con los fines anteriormente mencionados. Y asimismo reconoce conocer la posibilidad de rechazar el tratamiento de tales datos o informaci\u00f3n rechazando el uso de <em>cookies<\/em> mediante la selecci\u00f3n de la configuraci\u00f3n apropiada a tal fin en su navegador. Si bien esta opci\u00f3n de bloqueo de <em>cookies<\/em> en su navegador puede no permitirle el uso pleno de todas las funcionalidades de la p\u00e1gina web.<\/p>\n<p>Usted puede permitir, bloquear o eliminar las <em>cookies<\/em> instaladas en su equipo mediante la configuraci\u00f3n de las opciones del navegador instalado en su ordenador:<br \/> <a href=\"https:\/\/support.google.com\/chrome\/answer\/95647?hl=es%22\" target=\"\">Chrome<\/a><br \/> <a href=\"http:\/\/windows.microsoft.com\/es-es\/windows7\/how-to-manage-cookies-in-internet-explorer-9\" target=\"\">Explorer<\/a><br \/> <a href=\"https:\/\/support.mozilla.org\/es\/kb\/habilitar-y-deshabilitar-cookies-que-los-sitios-we\" target=\"\">Firefox<\/a><br \/> <a href=\"https:\/\/support.apple.com\/kb\/PH19214?locale=es_ES\" target=\"\">Safari<\/a><\/p>\n<p>Si tiene dudas sobre esta pol\u00edtica de <em>cookies<\/em>, puede contactar con <a href=\"mailto:info@cangasol.net\">info@cangasol.net<\/a><\/p>\n<\/div>\n<\/div><\/div><\/div><\/div><\/div><\/div>","protected":false},"excerpt":{"rendered":"<p>Pol\u00edtica de cookiesUna cookie es un fichero que se descarga en su ordenador al acceder a determinadas p\u00e1ginas web. Las cookies permiten a una p\u00e1gina web, entre otras cosas, almacenar y recuperar informaci\u00f3n sobre los h\u00e1bitos de navegaci\u00f3n de un usuario o de su equipo y, dependiendo de la informaci\u00f3n que contengan y de la &#8230; <a title=\"Pol\u00edtica de cookies\" class=\"read-more\" href=\"https:\/\/cangasol.net\/es\/politica-de-cookies\/\" aria-label=\"Leer m\u00e1s sobre Pol\u00edtica de cookies\">Leer m\u00e1s<\/a><\/p>\n","protected":false},"author":5,"featured_media":0,"parent":0,"menu_order":8,"comment_status":"closed","ping_status":"closed","template":"","meta":{"generate_page_header":"","footnotes":""},"class_list":["post-985","page","type-page","status-publish"],"yoast_head":"<!-- This site is optimized with the Yoast SEO plugin v27.2 - https:\/\/yoast.com\/product\/yoast-seo-wordpress\/ -->\n<title>Pol\u00edtica de cookies - Can Gasol<\/title>\n<meta name=\"robots\" content=\"index, follow, max-snippet:-1, max-image-preview:large, max-video-preview:-1\" \/>\n<link rel=\"canonical\" href=\"https:\/\/cangasol.net\/es\/politica-de-cookies\/\" \/>\n<meta property=\"og:locale\" content=\"es_ES\" \/>\n<meta property=\"og:type\" content=\"article\" \/>\n<meta property=\"og:title\" content=\"Pol\u00edtica de cookies - Can Gasol\" \/>\n<meta property=\"og:description\" content=\"Pol\u00edtica de cookiesUna cookie es un fichero que se descarga en su ordenador al acceder a determinadas p\u00e1ginas web. Las cookies permiten a una p\u00e1gina web, entre otras cosas, almacenar y recuperar informaci\u00f3n sobre los h\u00e1bitos de navegaci\u00f3n de un usuario o de su equipo y, dependiendo de la informaci\u00f3n que contengan y de la ... Leer m\u00e1s\" \/>\n<meta property=\"og:url\" content=\"https:\/\/cangasol.net\/es\/politica-de-cookies\/\" \/>\n<meta property=\"og:site_name\" content=\"Can Gasol\" \/>\n<meta property=\"article:publisher\" content=\"https:\/\/www.facebook.com\/Can-Gasol-305046562886266\" \/>\n<meta property=\"og:image\" content=\"https:\/\/cangasol.net\/wp-content\/uploads\/cropped-logo.jpg\" \/>\n\t<meta property=\"og:image:width\" content=\"171\" \/>\n\t<meta property=\"og:image:height\" content=\"110\" \/>\n\t<meta property=\"og:image:type\" content=\"image\/jpeg\" \/>\n<meta name=\"twitter:card\" content=\"summary_large_image\" \/>\n<meta name=\"twitter:label1\" content=\"Tiempo de lectura\" \/>\n\t<meta name=\"twitter:data1\" content=\"5 minutos\" \/>\n<script type=\"application\/ld+json\" class=\"yoast-schema-graph\">{\"@context\":\"https:\/\/schema.org\",\"@graph\":[{\"@type\":\"WebPage\",\"@id\":\"https:\/\/cangasol.net\/es\/politica-de-cookies\/\",\"url\":\"https:\/\/cangasol.net\/es\/politica-de-cookies\/\",\"name\":\"Pol\u00edtica de cookies - Can Gasol\",\"isPartOf\":{\"@id\":\"https:\/\/cangasol.net\/#website\"},\"datePublished\":\"2017-06-20T07:33:21+00:00\",\"breadcrumb\":{\"@id\":\"https:\/\/cangasol.net\/es\/politica-de-cookies\/#breadcrumb\"},\"inLanguage\":\"es\",\"potentialAction\":[{\"@type\":\"ReadAction\",\"target\":[\"https:\/\/cangasol.net\/es\/politica-de-cookies\/\"]}]},{\"@type\":\"BreadcrumbList\",\"@id\":\"https:\/\/cangasol.net\/es\/politica-de-cookies\/#breadcrumb\",\"itemListElement\":[{\"@type\":\"ListItem\",\"position\":1,\"name\":\"Portada\",\"item\":\"https:\/\/cangasol.net\/es\/\"},{\"@type\":\"ListItem\",\"position\":2,\"name\":\"Pol\u00edtica de cookies\"}]},{\"@type\":\"WebSite\",\"@id\":\"https:\/\/cangasol.net\/#website\",\"url\":\"https:\/\/cangasol.net\/\",\"name\":\"Can Gasol\",\"description\":\"Casa Rural a la Conca del Barber\u00e0\",\"publisher\":{\"@id\":\"https:\/\/cangasol.net\/#organization\"},\"potentialAction\":[{\"@type\":\"SearchAction\",\"target\":{\"@type\":\"EntryPoint\",\"urlTemplate\":\"https:\/\/cangasol.net\/?s={search_term_string}\"},\"query-input\":{\"@type\":\"PropertyValueSpecification\",\"valueRequired\":true,\"valueName\":\"search_term_string\"}}],\"inLanguage\":\"es\"},{\"@type\":\"Organization\",\"@id\":\"https:\/\/cangasol.net\/#organization\",\"name\":\"Can Gasol\",\"url\":\"https:\/\/cangasol.net\/\",\"logo\":{\"@type\":\"ImageObject\",\"inLanguage\":\"es\",\"@id\":\"https:\/\/cangasol.net\/#\/schema\/logo\/image\/\",\"url\":\"https:\/\/cangasol.net\/wp-content\/uploads\/cropped-logo.jpg\",\"contentUrl\":\"https:\/\/cangasol.net\/wp-content\/uploads\/cropped-logo.jpg\",\"width\":171,\"height\":110,\"caption\":\"Can Gasol\"},\"image\":{\"@id\":\"https:\/\/cangasol.net\/#\/schema\/logo\/image\/\"},\"sameAs\":[\"https:\/\/www.facebook.com\/Can-Gasol-305046562886266\"]}]}<\/script>\n<!-- \/ Yoast SEO plugin. -->","yoast_head_json":{"title":"Pol\u00edtica de cookies - Can Gasol","robots":{"index":"index","follow":"follow","max-snippet":"max-snippet:-1","max-image-preview":"max-image-preview:large","max-video-preview":"max-video-preview:-1"},"canonical":"https:\/\/cangasol.net\/es\/politica-de-cookies\/","og_locale":"es_ES","og_type":"article","og_title":"Pol\u00edtica de cookies - Can Gasol","og_description":"Pol\u00edtica de cookiesUna cookie es un fichero que se descarga en su ordenador al acceder a determinadas p\u00e1ginas web. Las cookies permiten a una p\u00e1gina web, entre otras cosas, almacenar y recuperar informaci\u00f3n sobre los h\u00e1bitos de navegaci\u00f3n de un usuario o de su equipo y, dependiendo de la informaci\u00f3n que contengan y de la ... Leer m\u00e1s","og_url":"https:\/\/cangasol.net\/es\/politica-de-cookies\/","og_site_name":"Can Gasol","article_publisher":"https:\/\/www.facebook.com\/Can-Gasol-305046562886266","og_image":[{"width":171,"height":110,"url":"https:\/\/cangasol.net\/wp-content\/uploads\/cropped-logo.jpg","type":"image\/jpeg"}],"twitter_card":"summary_large_image","twitter_misc":{"Tiempo de lectura":"5 minutos"},"schema":{"@context":"https:\/\/schema.org","@graph":[{"@type":"WebPage","@id":"https:\/\/cangasol.net\/es\/politica-de-cookies\/","url":"https:\/\/cangasol.net\/es\/politica-de-cookies\/","name":"Pol\u00edtica de cookies - Can Gasol","isPartOf":{"@id":"https:\/\/cangasol.net\/#website"},"datePublished":"2017-06-20T07:33:21+00:00","breadcrumb":{"@id":"https:\/\/cangasol.net\/es\/politica-de-cookies\/#breadcrumb"},"inLanguage":"es","potentialAction":[{"@type":"ReadAction","target":["https:\/\/cangasol.net\/es\/politica-de-cookies\/"]}]},{"@type":"BreadcrumbList","@id":"https:\/\/cangasol.net\/es\/politica-de-cookies\/#breadcrumb","itemListElement":[{"@type":"ListItem","position":1,"name":"Portada","item":"https:\/\/cangasol.net\/es\/"},{"@type":"ListItem","position":2,"name":"Pol\u00edtica de cookies"}]},{"@type":"WebSite","@id":"https:\/\/cangasol.net\/#website","url":"https:\/\/cangasol.net\/","name":"Can Gasol","description":"Casa Rural a la Conca del Barber\u00e0","publisher":{"@id":"https:\/\/cangasol.net\/#organization"},"potentialAction":[{"@type":"SearchAction","target":{"@type":"EntryPoint","urlTemplate":"https:\/\/cangasol.net\/?s={search_term_string}"},"query-input":{"@type":"PropertyValueSpecification","valueRequired":true,"valueName":"search_term_string"}}],"inLanguage":"es"},{"@type":"Organization","@id":"https:\/\/cangasol.net\/#organization","name":"Can Gasol","url":"https:\/\/cangasol.net\/","logo":{"@type":"ImageObject","inLanguage":"es","@id":"https:\/\/cangasol.net\/#\/schema\/logo\/image\/","url":"https:\/\/cangasol.net\/wp-content\/uploads\/cropped-logo.jpg","contentUrl":"https:\/\/cangasol.net\/wp-content\/uploads\/cropped-logo.jpg","width":171,"height":110,"caption":"Can Gasol"},"image":{"@id":"https:\/\/cangasol.net\/#\/schema\/logo\/image\/"},"sameAs":["https:\/\/www.facebook.com\/Can-Gasol-305046562886266"]}]}},"_links":{"self":[{"href":"https:\/\/cangasol.net\/es\/wp-json\/wp\/v2\/pages\/985","targetHints":{"allow":["GET"]}}],"collection":[{"href":"https:\/\/cangasol.net\/es\/wp-json\/wp\/v2\/pages"}],"about":[{"href":"https:\/\/cangasol.net\/es\/wp-json\/wp\/v2\/types\/page"}],"author":[{"embeddable":true,"href":"https:\/\/cangasol.net\/es\/wp-json\/wp\/v2\/users\/5"}],"replies":[{"embeddable":true,"href":"https:\/\/cangasol.net\/es\/wp-json\/wp\/v2\/comments?post=985"}],"version-history":[{"count":2,"href":"https:\/\/cangasol.net\/es\/wp-json\/wp\/v2\/pages\/985\/revisions"}],"predecessor-version":[{"id":988,"href":"https:\/\/cangasol.net\/es\/wp-json\/wp\/v2\/pages\/985\/revisions\/988"}],"wp:attachment":[{"href":"https:\/\/cangasol.net\/es\/wp-json\/wp\/v2\/media?parent=985"}],"curies":[{"name":"wp","href":"https:\/\/api.w.org\/{rel}","templated":true}]}}