{"id":1000,"date":"2017-06-20T10:44:36","date_gmt":"2017-06-20T08:44:36","guid":{"rendered":"https:\/\/cangasol.net\/?page_id=1000\/"},"modified":"2017-06-21T07:33:36","modified_gmt":"2017-06-21T05:33:36","slug":"legal-notice","status":"publish","type":"page","link":"https:\/\/cangasol.net\/en\/legal-notice\/","title":{"rendered":"Legal Notice"},"content":{"rendered":"<div id=\"pl-1000\"  class=\"panel-layout\" ><div id=\"pg-1000-0\"  class=\"panel-grid panel-has-style\" ><div class=\"panel-row-style panel-row-style-for-1000-0\" ><div id=\"pgc-1000-0-0\"  class=\"panel-grid-cell\" ><div id=\"panel-1000-0-0-0\" class=\"so-panel widget widget_sow-editor panel-first-child panel-last-child\" data-index=\"0\" ><div\n\t\t\t\n\t\t\tclass=\"so-widget-sow-editor so-widget-sow-editor-base\"\n\t\t\t\n\t\t>\n<div class=\"siteorigin-widget-tinymce textwidget\">\n\t<h1>Legal Notice<\/h1>\n<p>De acuerdo con el art\u00edculo 10 de la Ley 34\/2002, de 11 de julio, de Servicios de la Sociedad de la Informaci\u00f3n y Comercio Electr\u00f3nico, informamos que esta p\u00e1gina web y el dominio cangasol.net pertenecen a Pilar Jim\u00e9nez Desgueus (en adelante CAN GASOL), con NIF 40950304T y domicilio en C. Major, 8, 43429 Guialmons (Tarragona).<\/p>\n<h2>Derechos de propiedad intelectual e industrial<\/h2>\n<p>La totalidad del contenido de esta p\u00e1gina web, los logotipos, textos, fotograf\u00edas, dise\u00f1os y otros elementos est\u00e1 afectado por derechos de propiedad intelectual e industrial de titularidad de CAN GASOL o de terceras personas con las que CAN GASOL ha convenido su uso. La estructura de la p\u00e1gina web, dise\u00f1o, combinaciones de colores o forma de presentaci\u00f3n de los contenidos, est\u00e1 afectado por derechos de propiedad intelectual e industrial con titularidad del desarrollador de la p\u00e1gina. Estos derechos deben ser respetados por los usuarios de la p\u00e1gina web. CAN GASOL difunde toda esta informaci\u00f3n a trav\u00e9s de la p\u00e1gina web con el fin de hacer publicidad de sus productos o actividades. CAN GASOL advierte que todos estos elementos y referencias \u00fanicamente pueden ser utilizados con esta finalidad y citando siempre su procedencia y referencias de identificaci\u00f3n. No es l\u00edcita su transformaci\u00f3n o alteraci\u00f3n, ni tampoco la comunicaci\u00f3n p\u00fablica o cualquier otra forma de explotaci\u00f3n por cualquier t\u00e9cnica o procedimiento sin autorizaci\u00f3n expresa de CAN GASOL.<\/p>\n<h2>Responsabilidad sobre los contenidos<\/h2>\n<p>El usuario de esta p\u00e1gina web accede a la misma por cuenta e iniciativa propia. CAN GASOL no se responsabiliza de los errores u omisiones que puedan afectar sus contenidos. Las referencias que se presentan en cangasol.net tienen una funci\u00f3n exclusivamente informativa y no obligan al titular de la p\u00e1gina web hasta la confirmaci\u00f3n de la aceptaci\u00f3n de un contrato. CAN GASOL no podr\u00e1 ser considerada responsable de ning\u00fan da\u00f1o que se derive de la utilizaci\u00f3n de esta p\u00e1gina web, ni de ninguna acci\u00f3n realizada en base a la informaci\u00f3n que en ella se facilita.<\/p>\n<p>CAN GASOL declina cualquier responsabilidad respecto de la informaci\u00f3n de cualquier tipo contenida en otras p\u00e1ginas web a las que se pueda acceder mediante enlaces desde esta p\u00e1gina web. La funci\u00f3n de los enlaces introducidos en la p\u00e1gina web es la de comunicar la existencia de otras fuentes de informaci\u00f3n sobre el tema tratado en la p\u00e1gina de origen y no supone ninguna sugerencia o invitaci\u00f3n al usuario a visitar las p\u00e1ginas web de destino. CAN GASOL no es responsable del resultado obtenido a trav\u00e9s de estos enlaces que no son controlados ni verificados por CAN GASOL.<\/p>\n<h2>Protecci\u00f3n de datos<\/h2>\n<p>En cumplimiento del art\u00edculo 5 de la Ley Org\u00e1nica 15\/1999 de 13 de Diciembre de Protecci\u00f3n de Datos de Car\u00e1cter Personal, CAN GASOL informa que los datos personales recogidos desde esta p\u00e1gina web ser\u00e1n registrados en un fichero del que es titular CAN GASOL, con la finalidad de realizar la gesti\u00f3n administrativa, contable y fiscal de los servicios prestados, as\u00ed como para el env\u00edo de comunicaciones comerciales sobre nuestros servicios. Le informamos de la posibilidad de ejercer sus derechos de acceso, rectificaci\u00f3n, cancelaci\u00f3n y oposici\u00f3n de su datos en el domicilio fiscal de CAN GASOL, en C. Major, 8, 43429 Guialmons (Tarragona). Estos datos en ning\u00fan caso ser\u00e1n cedidos a terceros sin autorizaci\u00f3n previa<\/p>\n<\/div>\n<\/div><\/div><\/div><\/div><\/div><\/div>","protected":false},"excerpt":{"rendered":"<p>Legal NoticeDe acuerdo con el art\u00edculo 10 de la Ley 34\/2002, de 11 de julio, de Servicios de la Sociedad de la Informaci\u00f3n y Comercio Electr\u00f3nico, informamos que esta p\u00e1gina web y el dominio cangasol.net pertenecen a Pilar Jim\u00e9nez Desgueus (en adelante CAN GASOL), con NIF 40950304T y domicilio en C. Major, 8, 43429 Guialmons &#8230; <a title=\"Legal Notice\" class=\"read-more\" href=\"https:\/\/cangasol.net\/en\/legal-notice\/\" aria-label=\"Read more about Legal Notice\">Read more<\/a><\/p>\n","protected":false},"author":5,"featured_media":0,"parent":0,"menu_order":7,"comment_status":"closed","ping_status":"closed","template":"","meta":{"generate_page_header":"","footnotes":""},"class_list":["post-1000","page","type-page","status-publish"],"yoast_head":"<!-- This site is optimized with the Yoast SEO plugin v27.2 - https:\/\/yoast.com\/product\/yoast-seo-wordpress\/ -->\n<title>Legal Notice - Can Gasol<\/title>\n<meta name=\"robots\" content=\"index, follow, max-snippet:-1, max-image-preview:large, max-video-preview:-1\" \/>\n<link rel=\"canonical\" href=\"https:\/\/cangasol.net\/en\/legal-notice\/\" \/>\n<meta property=\"og:locale\" content=\"en_US\" \/>\n<meta property=\"og:type\" content=\"article\" \/>\n<meta property=\"og:title\" content=\"Legal Notice - Can Gasol\" \/>\n<meta property=\"og:description\" content=\"Legal NoticeDe acuerdo con el art\u00edculo 10 de la Ley 34\/2002, de 11 de julio, de Servicios de la Sociedad de la Informaci\u00f3n y Comercio Electr\u00f3nico, informamos que esta p\u00e1gina web y el dominio cangasol.net pertenecen a Pilar Jim\u00e9nez Desgueus (en adelante CAN GASOL), con NIF 40950304T y domicilio en C. Major, 8, 43429 Guialmons ... Read more\" \/>\n<meta property=\"og:url\" content=\"https:\/\/cangasol.net\/en\/legal-notice\/\" \/>\n<meta property=\"og:site_name\" content=\"Can Gasol\" \/>\n<meta property=\"article:publisher\" content=\"https:\/\/www.facebook.com\/Can-Gasol-305046562886266\" \/>\n<meta property=\"article:modified_time\" content=\"2017-06-21T05:33:36+00:00\" \/>\n<meta property=\"og:image\" content=\"https:\/\/cangasol.net\/wp-content\/uploads\/cropped-logo.jpg\" \/>\n\t<meta property=\"og:image:width\" content=\"171\" \/>\n\t<meta property=\"og:image:height\" content=\"110\" \/>\n\t<meta property=\"og:image:type\" content=\"image\/jpeg\" \/>\n<meta name=\"twitter:card\" content=\"summary_large_image\" \/>\n<meta name=\"twitter:label1\" content=\"Est. reading time\" \/>\n\t<meta name=\"twitter:data1\" content=\"4 minutes\" \/>\n<script type=\"application\/ld+json\" class=\"yoast-schema-graph\">{\"@context\":\"https:\/\/schema.org\",\"@graph\":[{\"@type\":\"WebPage\",\"@id\":\"https:\/\/cangasol.net\/en\/legal-notice\/\",\"url\":\"https:\/\/cangasol.net\/en\/legal-notice\/\",\"name\":\"Legal Notice - Can Gasol\",\"isPartOf\":{\"@id\":\"https:\/\/cangasol.net\/#website\"},\"datePublished\":\"2017-06-20T08:44:36+00:00\",\"dateModified\":\"2017-06-21T05:33:36+00:00\",\"breadcrumb\":{\"@id\":\"https:\/\/cangasol.net\/en\/legal-notice\/#breadcrumb\"},\"inLanguage\":\"en-US\",\"potentialAction\":[{\"@type\":\"ReadAction\",\"target\":[\"https:\/\/cangasol.net\/en\/legal-notice\/\"]}]},{\"@type\":\"BreadcrumbList\",\"@id\":\"https:\/\/cangasol.net\/en\/legal-notice\/#breadcrumb\",\"itemListElement\":[{\"@type\":\"ListItem\",\"position\":1,\"name\":\"Portada\",\"item\":\"https:\/\/cangasol.net\/en\/\"},{\"@type\":\"ListItem\",\"position\":2,\"name\":\"Legal Notice\"}]},{\"@type\":\"WebSite\",\"@id\":\"https:\/\/cangasol.net\/#website\",\"url\":\"https:\/\/cangasol.net\/\",\"name\":\"Can Gasol\",\"description\":\"Casa Rural a la Conca del Barber\u00e0\",\"publisher\":{\"@id\":\"https:\/\/cangasol.net\/#organization\"},\"potentialAction\":[{\"@type\":\"SearchAction\",\"target\":{\"@type\":\"EntryPoint\",\"urlTemplate\":\"https:\/\/cangasol.net\/?s={search_term_string}\"},\"query-input\":{\"@type\":\"PropertyValueSpecification\",\"valueRequired\":true,\"valueName\":\"search_term_string\"}}],\"inLanguage\":\"en-US\"},{\"@type\":\"Organization\",\"@id\":\"https:\/\/cangasol.net\/#organization\",\"name\":\"Can Gasol\",\"url\":\"https:\/\/cangasol.net\/\",\"logo\":{\"@type\":\"ImageObject\",\"inLanguage\":\"en-US\",\"@id\":\"https:\/\/cangasol.net\/#\/schema\/logo\/image\/\",\"url\":\"https:\/\/cangasol.net\/wp-content\/uploads\/cropped-logo.jpg\",\"contentUrl\":\"https:\/\/cangasol.net\/wp-content\/uploads\/cropped-logo.jpg\",\"width\":171,\"height\":110,\"caption\":\"Can Gasol\"},\"image\":{\"@id\":\"https:\/\/cangasol.net\/#\/schema\/logo\/image\/\"},\"sameAs\":[\"https:\/\/www.facebook.com\/Can-Gasol-305046562886266\"]}]}<\/script>\n<!-- \/ Yoast SEO plugin. -->","yoast_head_json":{"title":"Legal Notice - Can Gasol","robots":{"index":"index","follow":"follow","max-snippet":"max-snippet:-1","max-image-preview":"max-image-preview:large","max-video-preview":"max-video-preview:-1"},"canonical":"https:\/\/cangasol.net\/en\/legal-notice\/","og_locale":"en_US","og_type":"article","og_title":"Legal Notice - Can Gasol","og_description":"Legal NoticeDe acuerdo con el art\u00edculo 10 de la Ley 34\/2002, de 11 de julio, de Servicios de la Sociedad de la Informaci\u00f3n y Comercio Electr\u00f3nico, informamos que esta p\u00e1gina web y el dominio cangasol.net pertenecen a Pilar Jim\u00e9nez Desgueus (en adelante CAN GASOL), con NIF 40950304T y domicilio en C. Major, 8, 43429 Guialmons ... Read more","og_url":"https:\/\/cangasol.net\/en\/legal-notice\/","og_site_name":"Can Gasol","article_publisher":"https:\/\/www.facebook.com\/Can-Gasol-305046562886266","article_modified_time":"2017-06-21T05:33:36+00:00","og_image":[{"width":171,"height":110,"url":"https:\/\/cangasol.net\/wp-content\/uploads\/cropped-logo.jpg","type":"image\/jpeg"}],"twitter_card":"summary_large_image","twitter_misc":{"Est. reading time":"4 minutes"},"schema":{"@context":"https:\/\/schema.org","@graph":[{"@type":"WebPage","@id":"https:\/\/cangasol.net\/en\/legal-notice\/","url":"https:\/\/cangasol.net\/en\/legal-notice\/","name":"Legal Notice - Can Gasol","isPartOf":{"@id":"https:\/\/cangasol.net\/#website"},"datePublished":"2017-06-20T08:44:36+00:00","dateModified":"2017-06-21T05:33:36+00:00","breadcrumb":{"@id":"https:\/\/cangasol.net\/en\/legal-notice\/#breadcrumb"},"inLanguage":"en-US","potentialAction":[{"@type":"ReadAction","target":["https:\/\/cangasol.net\/en\/legal-notice\/"]}]},{"@type":"BreadcrumbList","@id":"https:\/\/cangasol.net\/en\/legal-notice\/#breadcrumb","itemListElement":[{"@type":"ListItem","position":1,"name":"Portada","item":"https:\/\/cangasol.net\/en\/"},{"@type":"ListItem","position":2,"name":"Legal Notice"}]},{"@type":"WebSite","@id":"https:\/\/cangasol.net\/#website","url":"https:\/\/cangasol.net\/","name":"Can Gasol","description":"Casa Rural a la Conca del Barber\u00e0","publisher":{"@id":"https:\/\/cangasol.net\/#organization"},"potentialAction":[{"@type":"SearchAction","target":{"@type":"EntryPoint","urlTemplate":"https:\/\/cangasol.net\/?s={search_term_string}"},"query-input":{"@type":"PropertyValueSpecification","valueRequired":true,"valueName":"search_term_string"}}],"inLanguage":"en-US"},{"@type":"Organization","@id":"https:\/\/cangasol.net\/#organization","name":"Can Gasol","url":"https:\/\/cangasol.net\/","logo":{"@type":"ImageObject","inLanguage":"en-US","@id":"https:\/\/cangasol.net\/#\/schema\/logo\/image\/","url":"https:\/\/cangasol.net\/wp-content\/uploads\/cropped-logo.jpg","contentUrl":"https:\/\/cangasol.net\/wp-content\/uploads\/cropped-logo.jpg","width":171,"height":110,"caption":"Can Gasol"},"image":{"@id":"https:\/\/cangasol.net\/#\/schema\/logo\/image\/"},"sameAs":["https:\/\/www.facebook.com\/Can-Gasol-305046562886266"]}]}},"_links":{"self":[{"href":"https:\/\/cangasol.net\/en\/wp-json\/wp\/v2\/pages\/1000","targetHints":{"allow":["GET"]}}],"collection":[{"href":"https:\/\/cangasol.net\/en\/wp-json\/wp\/v2\/pages"}],"about":[{"href":"https:\/\/cangasol.net\/en\/wp-json\/wp\/v2\/types\/page"}],"author":[{"embeddable":true,"href":"https:\/\/cangasol.net\/en\/wp-json\/wp\/v2\/users\/5"}],"replies":[{"embeddable":true,"href":"https:\/\/cangasol.net\/en\/wp-json\/wp\/v2\/comments?post=1000"}],"version-history":[{"count":7,"href":"https:\/\/cangasol.net\/en\/wp-json\/wp\/v2\/pages\/1000\/revisions"}],"predecessor-version":[{"id":1058,"href":"https:\/\/cangasol.net\/en\/wp-json\/wp\/v2\/pages\/1000\/revisions\/1058"}],"wp:attachment":[{"href":"https:\/\/cangasol.net\/en\/wp-json\/wp\/v2\/media?parent=1000"}],"curies":[{"name":"wp","href":"https:\/\/api.w.org\/{rel}","templated":true}]}}